{"id":15,"date":"2025-08-13T13:32:30","date_gmt":"2025-08-13T13:32:30","guid":{"rendered":"https:\/\/carolinaugusta.pt\/index.php\/about\/"},"modified":"2025-12-02T11:41:26","modified_gmt":"2025-12-02T11:41:26","slug":"sobre","status":"publish","type":"page","link":"https:\/\/carolinaugusta.pt\/en\/sobre\/","title":{"rendered":"About"},"content":{"rendered":"<div data-elementor-type=\"wp-page\" data-elementor-id=\"15\" class=\"elementor elementor-15\">\n\t\t\t\t<div class=\"elementor-element elementor-element-92e5250 e-flex e-con-boxed e-con e-parent\" data-id=\"92e5250\" data-element_type=\"container\" data-settings=\"{&quot;background_background&quot;:&quot;classic&quot;}\">\n\t\t\t\t\t<div class=\"e-con-inner\">\n\t\t<div class=\"elementor-element elementor-element-e6160e0 e-con-full e-flex e-con e-child\" data-id=\"e6160e0\" data-element_type=\"container\">\n\t\t\t\t<\/div>\n\t\t\t\t\t<\/div>\n\t\t\t\t<\/div>\n\t\t<div class=\"elementor-element elementor-element-625dc78 e-flex e-con-boxed e-con e-parent\" data-id=\"625dc78\" data-element_type=\"container\">\n\t\t\t\t\t<div class=\"e-con-inner\">\n\t\t<div class=\"elementor-element elementor-element-3141d2e e-con-full e-flex e-con e-child\" data-id=\"3141d2e\" data-element_type=\"container\">\n\t\t\t\t<div class=\"elementor-element elementor-element-d9cf3b1 elementor-widget elementor-widget-heading\" data-id=\"d9cf3b1\" data-element_type=\"widget\" data-widget_type=\"heading.default\">\n\t\t\t\t<div class=\"elementor-widget-container\">\n\t\t\t\t\t<h2 class=\"elementor-heading-title elementor-size-default\">A INSTITUI\u00c7\u00c3O<\/h2>\t\t\t\t<\/div>\n\t\t\t\t<\/div>\n\t\t\t\t<div class=\"elementor-element elementor-element-0e018dc elementor-widget-divider--view-line elementor-widget elementor-widget-divider\" data-id=\"0e018dc\" data-element_type=\"widget\" data-widget_type=\"divider.default\">\n\t\t\t\t<div class=\"elementor-widget-container\">\n\t\t\t\t\t\t\t<div class=\"elementor-divider\">\n\t\t\t<span class=\"elementor-divider-separator\">\n\t\t\t\t\t\t<\/span>\n\t\t<\/div>\n\t\t\t\t\t\t<\/div>\n\t\t\t\t<\/div>\n\t\t<div class=\"elementor-element elementor-element-c010b42 e-con-full e-flex e-con e-child\" data-id=\"c010b42\" data-element_type=\"container\">\n\t\t<div class=\"elementor-element elementor-element-0c9b478 e-con-full e-flex e-con e-child\" data-id=\"0c9b478\" data-element_type=\"container\">\n\t\t\t\t<div class=\"elementor-element elementor-element-ec1bb64 elementor-widget elementor-widget-heading\" data-id=\"ec1bb64\" data-element_type=\"widget\" data-widget_type=\"heading.default\">\n\t\t\t\t<div class=\"elementor-widget-container\">\n\t\t\t\t\t<h6 class=\"elementor-heading-title elementor-size-default\">Nossa Miss\u00e3o<\/h6>\t\t\t\t<\/div>\n\t\t\t\t<\/div>\n\t\t\t\t<div class=\"elementor-element elementor-element-e06b061 elementor-widget elementor-widget-image\" data-id=\"e06b061\" data-element_type=\"widget\" data-widget_type=\"image.default\">\n\t\t\t\t<div class=\"elementor-widget-container\">\n\t\t\t\t\t\t\t\t\t\t\t\t\t\t\t<img fetchpriority=\"high\" decoding=\"async\" width=\"1024\" height=\"683\" src=\"https:\/\/carolinaugusta.pt\/wp-content\/uploads\/2025\/10\/IMG_4200-1024x683.webp\" class=\"attachment-large size-large wp-image-633\" alt=\"\" srcset=\"https:\/\/carolinaugusta.pt\/wp-content\/uploads\/2025\/10\/IMG_4200-1024x683.webp 1024w, https:\/\/carolinaugusta.pt\/wp-content\/uploads\/2025\/10\/IMG_4200-300x200.webp 300w, https:\/\/carolinaugusta.pt\/wp-content\/uploads\/2025\/10\/IMG_4200-768x512.webp 768w, https:\/\/carolinaugusta.pt\/wp-content\/uploads\/2025\/10\/IMG_4200-1536x1024.webp 1536w, https:\/\/carolinaugusta.pt\/wp-content\/uploads\/2025\/10\/IMG_4200-2048x1365.webp 2048w\" sizes=\"(max-width: 1024px) 100vw, 1024px\" \/>\t\t\t\t\t\t\t\t\t\t\t\t\t\t\t<\/div>\n\t\t\t\t<\/div>\n\t\t\t\t<\/div>\n\t\t<div class=\"elementor-element elementor-element-fd41ae4 e-con-full e-flex e-con e-child\" data-id=\"fd41ae4\" data-element_type=\"container\">\n\t\t\t\t<div class=\"elementor-element elementor-element-071c6f1 elementor-widget elementor-widget-heading\" data-id=\"071c6f1\" data-element_type=\"widget\" data-widget_type=\"heading.default\">\n\t\t\t\t<div class=\"elementor-widget-container\">\n\t\t\t\t\t<h5 class=\"elementor-heading-title elementor-size-default\">O projeto \"Carolina Augusta, Resid\u00eancia S\u00e9nior\" surge em homenagem de dois netos \u00e0 sua querida e respeitosa av\u00f3 materna, a qual teve um papel preponderante na transmiss\u00e3o de valores, onde o respeito e o amor ao pr\u00f3ximo eram algumas das qualidades que melhor a definiam, bem como a sua enorme dedica\u00e7\u00e3o \u00e0 fam\u00edlia.<\/h5>\t\t\t\t<\/div>\n\t\t\t\t<\/div>\n\t\t\t\t<div class=\"elementor-element elementor-element-11b1ba6 elementor-widget elementor-widget-text-editor\" data-id=\"11b1ba6\" data-element_type=\"widget\" data-widget_type=\"text-editor.default\">\n\t\t\t\t<div class=\"elementor-widget-container\">\n\t\t\t\t\t\t\t\t\t<p>\u00c9 sobre esta linhagem que procuramos desenvolver um trabalho dirigido \u00e0 popula\u00e7\u00e3o s\u00e9nior, onde \u00e9 nossa pretens\u00e3o promover um local com ambiente familiar, onde o cumprimento das necessidades de cada residente ser\u00e3o sempre a for\u00e7a motivadora da nossa exist\u00eancia.<\/p><p>Este projeto visa a presta\u00e7\u00e3o plena de cuidados humanizados.<br \/><span style=\"font-style: inherit; font-weight: inherit;\">\u00c9 uma Institui\u00e7\u00e3o Privada de utilidade p\u00fablica dirigida \u00e0 popula\u00e7\u00e3o s\u00e9nior.\u00a0<\/span><\/p>\t\t\t\t\t\t\t\t<\/div>\n\t\t\t\t<\/div>\n\t\t\t\t<\/div>\n\t\t\t\t<\/div>\n\t\t\t\t<\/div>\n\t\t\t\t\t<\/div>\n\t\t\t\t<\/div>\n\t\t<div class=\"elementor-element elementor-element-830fd40 e-con-full e-flex e-con e-parent\" data-id=\"830fd40\" data-element_type=\"container\">\n\t\t<div class=\"elementor-element elementor-element-c27a57c e-con-full e-flex e-con e-child\" data-id=\"c27a57c\" data-element_type=\"container\">\n\t\t\t\t<div class=\"elementor-element elementor-element-58eb583 gallery-spacing-custom elementor-widget elementor-widget-image-gallery\" data-id=\"58eb583\" data-element_type=\"widget\" data-widget_type=\"image-gallery.default\">\n\t\t\t\t<div class=\"elementor-widget-container\">\n\t\t\t\t\t\t\t<div class=\"elementor-image-gallery\">\n\t\t\t<div id='gallery-1' class='gallery galleryid-15 gallery-columns-5 gallery-size-full'><figure class='gallery-item'>\n\t\t\t<div class='gallery-icon landscape'>\n\t\t\t\t<a data-elementor-open-lightbox=\"yes\" data-elementor-lightbox-slideshow=\"58eb583\" data-elementor-lightbox-title=\"IMG_4203\" data-e-action-hash=\"#elementor-action%3Aaction%3Dlightbox%26settings%3DeyJpZCI6NjM0LCJ1cmwiOiJodHRwczpcL1wvY2Fyb2xpbmF1Z3VzdGEucHRcL3dwLWNvbnRlbnRcL3VwbG9hZHNcLzIwMjVcLzEwXC9JTUdfNDIwMy1zY2FsZWQud2VicCIsInNsaWRlc2hvdyI6IjU4ZWI1ODMifQ%3D%3D\" href='https:\/\/carolinaugusta.pt\/wp-content\/uploads\/2025\/10\/IMG_4203-scaled.webp'><img decoding=\"async\" width=\"2560\" height=\"1707\" src=\"https:\/\/carolinaugusta.pt\/wp-content\/uploads\/2025\/10\/IMG_4203-scaled.webp\" class=\"attachment-full size-full\" alt=\"\" srcset=\"https:\/\/carolinaugusta.pt\/wp-content\/uploads\/2025\/10\/IMG_4203-scaled.webp 2560w, https:\/\/carolinaugusta.pt\/wp-content\/uploads\/2025\/10\/IMG_4203-300x200.webp 300w, https:\/\/carolinaugusta.pt\/wp-content\/uploads\/2025\/10\/IMG_4203-1024x683.webp 1024w, https:\/\/carolinaugusta.pt\/wp-content\/uploads\/2025\/10\/IMG_4203-768x512.webp 768w, https:\/\/carolinaugusta.pt\/wp-content\/uploads\/2025\/10\/IMG_4203-1536x1024.webp 1536w, https:\/\/carolinaugusta.pt\/wp-content\/uploads\/2025\/10\/IMG_4203-2048x1365.webp 2048w\" sizes=\"(max-width: 2560px) 100vw, 2560px\" \/><\/a>\n\t\t\t<\/div><\/figure><figure class='gallery-item'>\n\t\t\t<div class='gallery-icon landscape'>\n\t\t\t\t<a data-elementor-open-lightbox=\"yes\" data-elementor-lightbox-slideshow=\"58eb583\" data-elementor-lightbox-title=\"IMG_4193\" data-e-action-hash=\"#elementor-action%3Aaction%3Dlightbox%26settings%3DeyJpZCI6NjQwLCJ1cmwiOiJodHRwczpcL1wvY2Fyb2xpbmF1Z3VzdGEucHRcL3dwLWNvbnRlbnRcL3VwbG9hZHNcLzIwMjVcLzEwXC9JTUdfNDE5My1zY2FsZWQud2VicCIsInNsaWRlc2hvdyI6IjU4ZWI1ODMifQ%3D%3D\" href='https:\/\/carolinaugusta.pt\/wp-content\/uploads\/2025\/10\/IMG_4193-scaled.webp'><img decoding=\"async\" width=\"2560\" height=\"1707\" src=\"https:\/\/carolinaugusta.pt\/wp-content\/uploads\/2025\/10\/IMG_4193-scaled.webp\" class=\"attachment-full size-full\" alt=\"\" srcset=\"https:\/\/carolinaugusta.pt\/wp-content\/uploads\/2025\/10\/IMG_4193-scaled.webp 2560w, https:\/\/carolinaugusta.pt\/wp-content\/uploads\/2025\/10\/IMG_4193-300x200.webp 300w, https:\/\/carolinaugusta.pt\/wp-content\/uploads\/2025\/10\/IMG_4193-1024x683.webp 1024w, https:\/\/carolinaugusta.pt\/wp-content\/uploads\/2025\/10\/IMG_4193-768x512.webp 768w, https:\/\/carolinaugusta.pt\/wp-content\/uploads\/2025\/10\/IMG_4193-1536x1024.webp 1536w, https:\/\/carolinaugusta.pt\/wp-content\/uploads\/2025\/10\/IMG_4193-2048x1365.webp 2048w\" sizes=\"(max-width: 2560px) 100vw, 2560px\" \/><\/a>\n\t\t\t<\/div><\/figure><figure class='gallery-item'>\n\t\t\t<div class='gallery-icon landscape'>\n\t\t\t\t<a data-elementor-open-lightbox=\"yes\" data-elementor-lightbox-slideshow=\"58eb583\" data-elementor-lightbox-title=\"IMG_4188\" data-e-action-hash=\"#elementor-action%3Aaction%3Dlightbox%26settings%3DeyJpZCI6NjM5LCJ1cmwiOiJodHRwczpcL1wvY2Fyb2xpbmF1Z3VzdGEucHRcL3dwLWNvbnRlbnRcL3VwbG9hZHNcLzIwMjVcLzEwXC9JTUdfNDE4OC1zY2FsZWQud2VicCIsInNsaWRlc2hvdyI6IjU4ZWI1ODMifQ%3D%3D\" href='https:\/\/carolinaugusta.pt\/wp-content\/uploads\/2025\/10\/IMG_4188-scaled.webp'><img loading=\"lazy\" decoding=\"async\" width=\"2560\" height=\"1707\" src=\"https:\/\/carolinaugusta.pt\/wp-content\/uploads\/2025\/10\/IMG_4188-scaled.webp\" class=\"attachment-full size-full\" alt=\"\" srcset=\"https:\/\/carolinaugusta.pt\/wp-content\/uploads\/2025\/10\/IMG_4188-scaled.webp 2560w, https:\/\/carolinaugusta.pt\/wp-content\/uploads\/2025\/10\/IMG_4188-300x200.webp 300w, https:\/\/carolinaugusta.pt\/wp-content\/uploads\/2025\/10\/IMG_4188-1024x683.webp 1024w, https:\/\/carolinaugusta.pt\/wp-content\/uploads\/2025\/10\/IMG_4188-768x512.webp 768w, https:\/\/carolinaugusta.pt\/wp-content\/uploads\/2025\/10\/IMG_4188-1536x1024.webp 1536w, https:\/\/carolinaugusta.pt\/wp-content\/uploads\/2025\/10\/IMG_4188-2048x1365.webp 2048w\" sizes=\"(max-width: 2560px) 100vw, 2560px\" \/><\/a>\n\t\t\t<\/div><\/figure><figure class='gallery-item'>\n\t\t\t<div class='gallery-icon landscape'>\n\t\t\t\t<a data-elementor-open-lightbox=\"yes\" data-elementor-lightbox-slideshow=\"58eb583\" data-elementor-lightbox-title=\"IMG_4176\" data-e-action-hash=\"#elementor-action%3Aaction%3Dlightbox%26settings%3DeyJpZCI6NjQyLCJ1cmwiOiJodHRwczpcL1wvY2Fyb2xpbmF1Z3VzdGEucHRcL3dwLWNvbnRlbnRcL3VwbG9hZHNcLzIwMjVcLzEwXC9JTUdfNDE3Ni1zY2FsZWQud2VicCIsInNsaWRlc2hvdyI6IjU4ZWI1ODMifQ%3D%3D\" href='https:\/\/carolinaugusta.pt\/wp-content\/uploads\/2025\/10\/IMG_4176-scaled.webp'><img loading=\"lazy\" decoding=\"async\" width=\"2560\" height=\"1707\" src=\"https:\/\/carolinaugusta.pt\/wp-content\/uploads\/2025\/10\/IMG_4176-scaled.webp\" class=\"attachment-full size-full\" alt=\"\" srcset=\"https:\/\/carolinaugusta.pt\/wp-content\/uploads\/2025\/10\/IMG_4176-scaled.webp 2560w, https:\/\/carolinaugusta.pt\/wp-content\/uploads\/2025\/10\/IMG_4176-300x200.webp 300w, https:\/\/carolinaugusta.pt\/wp-content\/uploads\/2025\/10\/IMG_4176-1024x683.webp 1024w, https:\/\/carolinaugusta.pt\/wp-content\/uploads\/2025\/10\/IMG_4176-768x512.webp 768w, https:\/\/carolinaugusta.pt\/wp-content\/uploads\/2025\/10\/IMG_4176-1536x1024.webp 1536w, https:\/\/carolinaugusta.pt\/wp-content\/uploads\/2025\/10\/IMG_4176-2048x1365.webp 2048w\" sizes=\"(max-width: 2560px) 100vw, 2560px\" \/><\/a>\n\t\t\t<\/div><\/figure><figure class='gallery-item'>\n\t\t\t<div class='gallery-icon landscape'>\n\t\t\t\t<a data-elementor-open-lightbox=\"yes\" data-elementor-lightbox-slideshow=\"58eb583\" data-elementor-lightbox-title=\"IMG_4206\" data-e-action-hash=\"#elementor-action%3Aaction%3Dlightbox%26settings%3DeyJpZCI6NjM1LCJ1cmwiOiJodHRwczpcL1wvY2Fyb2xpbmF1Z3VzdGEucHRcL3dwLWNvbnRlbnRcL3VwbG9hZHNcLzIwMjVcLzEwXC9JTUdfNDIwNi0xLXNjYWxlZC53ZWJwIiwic2xpZGVzaG93IjoiNThlYjU4MyJ9\" href='https:\/\/carolinaugusta.pt\/wp-content\/uploads\/2025\/10\/IMG_4206-1-scaled.webp'><img loading=\"lazy\" decoding=\"async\" width=\"2560\" height=\"1707\" src=\"https:\/\/carolinaugusta.pt\/wp-content\/uploads\/2025\/10\/IMG_4206-1-scaled.webp\" class=\"attachment-full size-full\" alt=\"\" srcset=\"https:\/\/carolinaugusta.pt\/wp-content\/uploads\/2025\/10\/IMG_4206-1-scaled.webp 2560w, https:\/\/carolinaugusta.pt\/wp-content\/uploads\/2025\/10\/IMG_4206-1-300x200.webp 300w, https:\/\/carolinaugusta.pt\/wp-content\/uploads\/2025\/10\/IMG_4206-1-1024x683.webp 1024w, https:\/\/carolinaugusta.pt\/wp-content\/uploads\/2025\/10\/IMG_4206-1-768x512.webp 768w, https:\/\/carolinaugusta.pt\/wp-content\/uploads\/2025\/10\/IMG_4206-1-1536x1024.webp 1536w, https:\/\/carolinaugusta.pt\/wp-content\/uploads\/2025\/10\/IMG_4206-1-2048x1365.webp 2048w\" sizes=\"(max-width: 2560px) 100vw, 2560px\" \/><\/a>\n\t\t\t<\/div><\/figure>\n\t\t<\/div>\n\t\t<\/div>\n\t\t\t\t\t\t<\/div>\n\t\t\t\t<\/div>\n\t\t\t\t<\/div>\n\t\t\t\t<\/div>\n\t\t<div class=\"elementor-element elementor-element-9477733 e-flex e-con-boxed e-con e-parent\" data-id=\"9477733\" data-element_type=\"container\">\n\t\t\t\t\t<div class=\"e-con-inner\">\n\t\t\t\t<div class=\"elementor-element elementor-element-163d5f5 elementor-widget elementor-widget-heading\" data-id=\"163d5f5\" data-element_type=\"widget\" data-widget_type=\"heading.default\">\n\t\t\t\t<div class=\"elementor-widget-container\">\n\t\t\t\t\t<h6 class=\"elementor-heading-title elementor-size-default\">Nossos Vis\u00e3o<\/h6>\t\t\t\t<\/div>\n\t\t\t\t<\/div>\n\t\t\t\t<div class=\"elementor-element elementor-element-f3307a8 elementor-widget elementor-widget-text-editor\" data-id=\"f3307a8\" data-element_type=\"widget\" data-widget_type=\"text-editor.default\">\n\t\t\t\t<div class=\"elementor-widget-container\">\n\t\t\t\t\t\t\t\t\t<p>&#8220;Carolina Augusta, Resid\u00eancia S\u00e9nior&#8221; \u00e9 um projeto assente no pressuposto fundamental da problem\u00e1tica gerontol\u00f3gica, em respeito pela legisla\u00e7\u00e3o em vigor.<\/p><p>A habita\u00e7\u00e3o foi adaptada \u00e0 medida das necessidades individuais, com espa\u00e7os amplos, mobili\u00e1rio adequado e elevador interno. Foi pensada ao pormenor, de forma a satisfazer as necessidades de cada residente. Possui uma \u00e1rea ampla, de linhas generosas, ladeada por espa\u00e7os ajardinados e localizada pr\u00f3ximo da praia da Aguda.<\/p><p>A Resid\u00eancia S\u00e9nior tem todas as condi\u00e7\u00f5es para que a equipa desempenhe todas as suas fun\u00e7\u00f5es respeitando a individualidade de cada residente, promovendo assim um ambiente familiar.<\/p>\t\t\t\t\t\t\t\t<\/div>\n\t\t\t\t<\/div>\n\t\t\t\t\t<\/div>\n\t\t\t\t<\/div>\n\t\t<div class=\"elementor-element elementor-element-0008229 e-flex e-con-boxed e-con e-parent\" data-id=\"0008229\" data-element_type=\"container\">\n\t\t\t\t\t<div class=\"e-con-inner\">\n\t\t<div class=\"elementor-element elementor-element-b3031ea e-con-full e-flex e-con e-child\" data-id=\"b3031ea\" data-element_type=\"container\">\n\t\t\t\t<div class=\"elementor-element elementor-element-7710ac4 elementor-widget elementor-widget-heading\" data-id=\"7710ac4\" data-element_type=\"widget\" data-widget_type=\"heading.default\">\n\t\t\t\t<div class=\"elementor-widget-container\">\n\t\t\t\t\t<h6 class=\"elementor-heading-title elementor-size-default\">Our Core Values<\/h6>\t\t\t\t<\/div>\n\t\t\t\t<\/div>\n\t\t\t\t<div class=\"elementor-element elementor-element-e8166ed elementor-widget elementor-widget-text-editor\" data-id=\"e8166ed\" data-element_type=\"widget\" data-widget_type=\"text-editor.default\">\n\t\t\t\t<div class=\"elementor-widget-container\">\n\t\t\t\t\t\t\t\t\t<ul><li>Privilegiamos rela\u00e7\u00f5es personalizadas, promovendo a<br \/>confian\u00e7a o respeito pela individualidade de cada residente;<\/li><li>Our team is working on the basis of respect for the<br \/>the dignity of man,<\/li><li>\u00c9 nossa prioridade superar todos os desafios di\u00e1rios, de forma a respeitar os compromissos assumidos perante os nossos residentes;<\/li><li>O bem comum \u00e9 orientador das nossas a\u00e7\u00f5es;<\/li><li>Procuramos diariamente a excel\u00eancia nos servi\u00e7os prestados.<\/li><\/ul>\t\t\t\t\t\t\t\t<\/div>\n\t\t\t\t<\/div>\n\t\t\t\t<\/div>\n\t\t<div class=\"elementor-element elementor-element-bdef501 e-con-full e-flex e-con e-child\" data-id=\"bdef501\" data-element_type=\"container\">\n\t\t\t\t<div class=\"elementor-element elementor-element-ddff988 elementor-widget elementor-widget-heading\" data-id=\"ddff988\" data-element_type=\"widget\" data-widget_type=\"heading.default\">\n\t\t\t\t<div class=\"elementor-widget-container\">\n\t\t\t\t\t<h6 class=\"elementor-heading-title elementor-size-default\">Our Goals Are To<\/h6>\t\t\t\t<\/div>\n\t\t\t\t<\/div>\n\t\t\t\t<div class=\"elementor-element elementor-element-507a04c elementor-widget elementor-widget-text-editor\" data-id=\"507a04c\" data-element_type=\"widget\" data-widget_type=\"text-editor.default\">\n\t\t\t\t<div class=\"elementor-widget-container\">\n\t\t\t\t\t\t\t\t\t<ul><li>To contribute to the promotion of active ageing;<\/li><li>To ensure accommodation and comfort.<\/li><li>Promover a humaniza\u00e7\u00e3o na presta\u00e7\u00e3o de todos os servi\u00e7os, com qualidade, efic\u00e1cia e exig\u00eancia, respeitando a individualidade e intimidade dos residentes;<\/li><li>Proporcionar servi\u00e7os diversificados, permanente e adequados \u00e0 problem\u00e1tica de cada residente;<\/li><li>Promover a autoestima, o desenvolvimento pessoal e a realiza\u00e7\u00e3o dos residentes, com foco nas rela\u00e7\u00f5es interpessoais e com a pr\u00f3pria fam\u00edlia;<\/li><\/ul>\t\t\t\t\t\t\t\t<\/div>\n\t\t\t\t<\/div>\n\t\t\t\t<\/div>\n\t\t\t\t\t<\/div>\n\t\t\t\t<\/div>\n\t\t\t\t<\/div>","protected":false},"excerpt":{"rendered":"<p>A INSTITUI\u00c7\u00c3O Nossa Miss\u00e3o O projeto &#8220;Carolina Augusta, Resid\u00eancia S\u00e9nior&#8221; surge em homenagem de dois netos \u00e0 sua querida e respeitosa av\u00f3 materna, a qual teve um papel preponderante na transmiss\u00e3o de valores, onde o respeito e o amor ao pr\u00f3ximo eram algumas das qualidades que melhor a definiam, bem como a sua enorme dedica\u00e7\u00e3o [&hellip;]<\/p>","protected":false},"author":1,"featured_media":0,"parent":0,"menu_order":0,"comment_status":"closed","ping_status":"closed","template":"","meta":{"site-sidebar-layout":"no-sidebar","site-content-layout":"page-builder","ast-site-content-layout":"default","site-content-style":"default","site-sidebar-style":"default","ast-global-header-display":"","ast-banner-title-visibility":"","ast-main-header-display":"","ast-hfb-above-header-display":"","ast-hfb-below-header-display":"","ast-hfb-mobile-header-display":"","site-post-title":"disabled","ast-breadcrumbs-content":"disabled","ast-featured-img":"disabled","footer-sml-layout":"","theme-transparent-header-meta":"enabled","adv-header-id-meta":"","stick-header-meta":"","header-above-stick-meta":"","header-main-stick-meta":"","header-below-stick-meta":"","astra-migrate-meta-layouts":"default","ast-page-background-enabled":"default","ast-page-background-meta":{"desktop":{"background-color":"","background-image":"","background-repeat":"repeat","background-position":"center center","background-size":"auto","background-attachment":"scroll","background-type":"","background-media":"","overlay-type":"","overlay-color":"","overlay-opacity":"","overlay-gradient":""},"tablet":{"background-color":"","background-image":"","background-repeat":"repeat","background-position":"center center","background-size":"auto","background-attachment":"scroll","background-type":"","background-media":"","overlay-type":"","overlay-color":"","overlay-opacity":"","overlay-gradient":""},"mobile":{"background-color":"","background-image":"","background-repeat":"repeat","background-position":"center center","background-size":"auto","background-attachment":"scroll","background-type":"","background-media":"","overlay-type":"","overlay-color":"","overlay-opacity":"","overlay-gradient":""}},"ast-content-background-meta":{"desktop":{"background-color":"var(--ast-global-color-5)","background-image":"","background-repeat":"repeat","background-position":"center center","background-size":"auto","background-attachment":"scroll","background-type":"","background-media":"","overlay-type":"","overlay-color":"","overlay-opacity":"","overlay-gradient":""},"tablet":{"background-color":"var(--ast-global-color-5)","background-image":"","background-repeat":"repeat","background-position":"center center","background-size":"auto","background-attachment":"scroll","background-type":"","background-media":"","overlay-type":"","overlay-color":"","overlay-opacity":"","overlay-gradient":""},"mobile":{"background-color":"var(--ast-global-color-5)","background-image":"","background-repeat":"repeat","background-position":"center center","background-size":"auto","background-attachment":"scroll","background-type":"","background-media":"","overlay-type":"","overlay-color":"","overlay-opacity":"","overlay-gradient":""}},"footnotes":""},"class_list":["post-15","page","type-page","status-publish","hentry"],"_links":{"self":[{"href":"https:\/\/carolinaugusta.pt\/en\/wp-json\/wp\/v2\/pages\/15","targetHints":{"allow":["GET"]}}],"collection":[{"href":"https:\/\/carolinaugusta.pt\/en\/wp-json\/wp\/v2\/pages"}],"about":[{"href":"https:\/\/carolinaugusta.pt\/en\/wp-json\/wp\/v2\/types\/page"}],"author":[{"embeddable":true,"href":"https:\/\/carolinaugusta.pt\/en\/wp-json\/wp\/v2\/users\/1"}],"replies":[{"embeddable":true,"href":"https:\/\/carolinaugusta.pt\/en\/wp-json\/wp\/v2\/comments?post=15"}],"version-history":[{"count":142,"href":"https:\/\/carolinaugusta.pt\/en\/wp-json\/wp\/v2\/pages\/15\/revisions"}],"predecessor-version":[{"id":996,"href":"https:\/\/carolinaugusta.pt\/en\/wp-json\/wp\/v2\/pages\/15\/revisions\/996"}],"wp:attachment":[{"href":"https:\/\/carolinaugusta.pt\/en\/wp-json\/wp\/v2\/media?parent=15"}],"curies":[{"name":"wp","href":"https:\/\/api.w.org\/{rel}","templated":true}]}}