{"id":930,"date":"2025-10-13T20:37:06","date_gmt":"2025-10-13T20:37:06","guid":{"rendered":"https:\/\/carolinaugusta.pt\/?page_id=930"},"modified":"2025-10-13T20:45:41","modified_gmt":"2025-10-13T20:45:41","slug":"politica-de-privacidade","status":"publish","type":"page","link":"https:\/\/carolinaugusta.pt\/en\/politica-de-privacidade\/","title":{"rendered":"Pol\u00edtica de privacidade"},"content":{"rendered":"<div data-elementor-type=\"wp-page\" data-elementor-id=\"930\" class=\"elementor elementor-930\">\n\t\t\t\t<div class=\"elementor-element elementor-element-bd41eb4 e-flex e-con-boxed e-con e-parent\" data-id=\"bd41eb4\" data-element_type=\"container\" data-settings=\"{&quot;background_background&quot;:&quot;classic&quot;}\">\n\t\t\t\t\t<div class=\"e-con-inner\">\n\t\t<div class=\"elementor-element elementor-element-426f6c4 e-con-full e-flex e-con e-child\" data-id=\"426f6c4\" data-element_type=\"container\">\n\t\t\t\t<div class=\"elementor-element elementor-element-a4d5f0b elementor-widget elementor-widget-heading\" data-id=\"a4d5f0b\" data-element_type=\"widget\" data-widget_type=\"heading.default\">\n\t\t\t\t<div class=\"elementor-widget-container\">\n\t\t\t\t\t<h2 class=\"elementor-heading-title elementor-size-default\">Pol\u00edtica de privacidade<\/h2>\t\t\t\t<\/div>\n\t\t\t\t<\/div>\n\t\t\t\t<\/div>\n\t\t\t\t\t<\/div>\n\t\t\t\t<\/div>\n\t\t<div class=\"elementor-element elementor-element-547a820 e-flex e-con-boxed e-con e-parent\" data-id=\"547a820\" data-element_type=\"container\">\n\t\t\t\t\t<div class=\"e-con-inner\">\n\t\t\t\t<div class=\"elementor-element elementor-element-65554bd elementor-widget elementor-widget-text-editor\" data-id=\"65554bd\" data-element_type=\"widget\" data-widget_type=\"text-editor.default\">\n\t\t\t\t<div class=\"elementor-widget-container\">\n\t\t\t\t\t\t\t\t\t<p>A prote\u00e7\u00e3o da sua privacidade \u00e9 priorit\u00e1ria. Queremos partilhar consigo tudo o que fazemos com os seus dados pessoais. Por isso, ao longo desta Pol\u00edtica de Privacidade poder\u00e1 saber que direitos tem ao seu dispor, quais os dados que tratamos e com quem os partilhamos, durante quanto tempo os conservamos e outras informa\u00e7\u00f5es relevantes.<\/p><p>Por favor leia com aten\u00e7\u00e3o. Recomendamos, ainda, a leitura integral do Regulamento 2016\/679 do Parlamento Europeu e do Conselho, tamb\u00e9m designado de Regulamento Geral sobre a Prote\u00e7\u00e3o de Dados, (daqui em diante, RGPD), onde se poder\u00e1 informar mais detalhadamente sobre os seus direitos no \u00e2mbito da privacidade e prote\u00e7\u00e3o de dados pessoais.<\/p><p><strong>1) Who are we?<\/strong><br \/>Somos pelo tratamento dos seus dados pessoais, nos termos definidos no artigo 4\u00ba, n\u00ba7 do RGPD. O endere\u00e7o do nosso site \u00e9 www.carolinaugusta.pt e o endere\u00e7o de e-mail \u00e9 info@carolinaugusta.pt<\/p><p><strong>2) \u00c2mbito de aplica\u00e7\u00e3o desta pol\u00edtica<\/strong><br \/>Esta Pol\u00edtica de Privacidade \u00e9 aplic\u00e1vel a todos os utilizadores do site www.carolinaugusta.pt e aos seus subdom\u00ednios. Portanto, a aplica\u00e7\u00e3o desta pol\u00edtica \u00e9 indiferente ao \u00e2mbito territorial, aplicando-se a todos os utilizadores a partir do momento em que acedam ao nosso website, independentemente da sua localiza\u00e7\u00e3o.<\/p><p><strong>3) Que informa\u00e7\u00e3o recolhemos neste website?<\/strong><br \/>From the moment you browse our website, we collect personal data in one of two ways:<br \/>Pedidos de informa\u00e7\u00e3o\/or\u00e7amento e newsletters: procederemos ao tratamento dos seus dados pessoais sempre que efetuar voluntariamente um pedido de or\u00e7amento ou subscrever a nossa newsletter. Os dados em quest\u00e3o s\u00e3o os m\u00ednimos e indispens\u00e1veis para uma troca de comunica\u00e7\u00f5es adequada, nomeadamente nome, e-mail, contacto telef\u00f3nico.<br \/>Dados recolhidos de forma autom\u00e1tica: mesmo nas situa\u00e7\u00f5es em que n\u00e3o nos fornece diretamente os seus dados pessoais podemos recolher alguns desses dados de forma autom\u00e1tica atrav\u00e9s de cookies e outros m\u00e9todos ou servi\u00e7os, como o tipo de aparelho, o sistema operativo, a localiza\u00e7\u00e3o geogr\u00e1fica, a dura\u00e7\u00e3o da visita e o n\u00famero de p\u00e1ginas visitadas. Ainda assim, n\u00e3o nos \u00e9 poss\u00edvel relacionar estes elementos com uma pessoa concreta.<\/p><p><strong>4) O que fazemos com a informa\u00e7\u00e3o recolhida?<\/strong><br \/>Toda a informa\u00e7\u00e3o recolhida \u00e9 para uso exclusivo. Comprometemo-nos a n\u00e3o vender, trocar, alugar ou partilhar a terceiros e sem o consentimento do utilizador, exceto se a isso obrigada por decis\u00e3o judicial.<br \/>Os dados recolhidos s\u00e3o organizados internamente numa base de dados e utilizados para uma s\u00e9rie de finalidades, nomeadamente:<br \/>Manuten\u00e7\u00e3o e melhoria dos servi\u00e7os: atrav\u00e9s da an\u00e1lise comportamental da utiliza\u00e7\u00e3o do nosso website podemos proceder \u00e0 corre\u00e7\u00e3o e melhoria de certas funcionalidades.<br \/>Apoio ao cliente e resposta aos pedidos de or\u00e7amento e\/ou informa\u00e7\u00e3o: \u00e9 com base nas informa\u00e7\u00f5es que nos fornece que podemos responder de forma eficiente \u00e0s necessidades de quem nos contacta;<br \/>Marketing: podemos utilizar os seus dados pessoais para efeitos de marketing, como o envio de e-mails, notifica\u00e7\u00f5es, sms e correspond\u00eancia postal. No entanto, nunca o faremos sem a sua autoriza\u00e7\u00e3o expressa e pode livremente optar por n\u00e3o subscrever o envio de publicidade;<\/p><p><strong>5) Pol\u00edtica de Cookies<\/strong><br \/>What are cookies used this site?<br \/>\u2013 Cookies anal\u00edticos (Atrav\u00e9s do Google Analytics e Pixel Facebook) \u2013 Estes cookies recolhem informa\u00e7\u00e3o estat\u00edstica an\u00f3nima que nos ajuda a perceber a forma como os utilizadores utilizam este website.<\/p><p><strong>6) the Term for processing of the data<\/strong><br \/>Os dados pessoais recolhidos, sejam de clientes ou de n\u00e3o clientes, s\u00e3o conservados por per\u00edodos de tempo distintos, consoante a natureza da rela\u00e7\u00e3o do titular dos dados pessoais e a finalidade para a qual os dados foram recolhidos, sendo sempre respeitadas as imposi\u00e7\u00f5es legais. Logo que cesse o fundamento pelo qual os dados foram recolhidos, os mesmos ser\u00e3o apagados, salvo imposi\u00e7\u00e3o legal de conserva\u00e7\u00e3o.<\/p><p><strong>7<\/strong><strong>) Seguran\u00e7a da informa\u00e7\u00e3o recolhida<\/strong><br \/>Temos uma especial aten\u00e7\u00e3o com a seguran\u00e7a dos seus dados pessoais. Como tal, procedemos com regularidade \u00e0 an\u00e1lise das nossas plataformas, para garantirmos que todas as medidas s\u00e3o tomadas para reduzir os riscos de seguran\u00e7a.<\/p><p><strong>8) Atualiza\u00e7\u00e3o desta Pol\u00edtica<\/strong><br \/>A Pol\u00edtica de Privacidade est\u00e1 sujeita a revis\u00f5es constantes e peri\u00f3dicas, pelo que poder\u00e1 vir a notificar os utilizadores por e-mail na eventualidade de proceder a altera\u00e7\u00f5es, recomendando a visita a esta p\u00e1gina.<\/p><p><strong>9) Aceita\u00e7\u00e3o da Pol\u00edtica<\/strong><br \/>A utiliza\u00e7\u00e3o deste website pressup\u00f5e a aceita\u00e7\u00e3o da sua Pol\u00edtica de Privacidade &amp; Cookies. Em caso de alguma quest\u00e3o, se pretender retificar os dados fornecidos ou solicitar a sua elimina\u00e7\u00e3o, mesmo depois de nos ter fornecido, contacte por e-mail.<\/p><p><strong>10) Contact<\/strong><br \/>Se continua com d\u00favidas ou pretende algum esclarecimento, entre em contacto connosco atrav\u00e9s de:<\/p><p>info@carolinaugusta.pt<\/p><p><span class=\"elementor-icon-list-text\">+351 913\u00a0555\u00a0872<br \/>(Chamada para rede m\u00f3vel nacional)<\/span><\/p><p><i class=\"fas fa-phone-alt\" aria-hidden=\"true\"><\/i><span class=\"elementor-icon-list-text\">+351 913\u00a0555\u00a0855<br \/>(Chamada para rede m\u00f3vel nacional)<\/span><\/p>\t\t\t\t\t\t\t\t<\/div>\n\t\t\t\t<\/div>\n\t\t\t\t\t<\/div>\n\t\t\t\t<\/div>\n\t\t\t\t<\/div>","protected":false},"excerpt":{"rendered":"<p>Pol\u00edtica de privacidade A prote\u00e7\u00e3o da sua privacidade \u00e9 priorit\u00e1ria. Queremos partilhar consigo tudo o que fazemos com os seus dados pessoais. Por isso, ao longo desta Pol\u00edtica de Privacidade poder\u00e1 saber que direitos tem ao seu dispor, quais os dados que tratamos e com quem os partilhamos, durante quanto tempo os conservamos e outras [&hellip;]<\/p>","protected":false},"author":1,"featured_media":0,"parent":0,"menu_order":0,"comment_status":"closed","ping_status":"closed","template":"","meta":{"site-sidebar-layout":"no-sidebar","site-content-layout":"page-builder","ast-site-content-layout":"full-width-container","site-content-style":"default","site-sidebar-style":"default","ast-global-header-display":"","ast-banner-title-visibility":"","ast-main-header-display":"","ast-hfb-above-header-display":"","ast-hfb-below-header-display":"","ast-hfb-mobile-header-display":"","site-post-title":"disabled","ast-breadcrumbs-content":"","ast-featured-img":"disabled","footer-sml-layout":"","theme-transparent-header-meta":"enabled","adv-header-id-meta":"","stick-header-meta":"","header-above-stick-meta":"","header-main-stick-meta":"","header-below-stick-meta":"","astra-migrate-meta-layouts":"set","ast-page-background-enabled":"default","ast-page-background-meta":{"desktop":{"background-color":"","background-image":"","background-repeat":"repeat","background-position":"center center","background-size":"auto","background-attachment":"scroll","background-type":"","background-media":"","overlay-type":"","overlay-color":"","overlay-opacity":"","overlay-gradient":""},"tablet":{"background-color":"","background-image":"","background-repeat":"repeat","background-position":"center center","background-size":"auto","background-attachment":"scroll","background-type":"","background-media":"","overlay-type":"","overlay-color":"","overlay-opacity":"","overlay-gradient":""},"mobile":{"background-color":"","background-image":"","background-repeat":"repeat","background-position":"center center","background-size":"auto","background-attachment":"scroll","background-type":"","background-media":"","overlay-type":"","overlay-color":"","overlay-opacity":"","overlay-gradient":""}},"ast-content-background-meta":{"desktop":{"background-color":"var(--ast-global-color-5)","background-image":"","background-repeat":"repeat","background-position":"center center","background-size":"auto","background-attachment":"scroll","background-type":"","background-media":"","overlay-type":"","overlay-color":"","overlay-opacity":"","overlay-gradient":""},"tablet":{"background-color":"var(--ast-global-color-5)","background-image":"","background-repeat":"repeat","background-position":"center center","background-size":"auto","background-attachment":"scroll","background-type":"","background-media":"","overlay-type":"","overlay-color":"","overlay-opacity":"","overlay-gradient":""},"mobile":{"background-color":"var(--ast-global-color-5)","background-image":"","background-repeat":"repeat","background-position":"center center","background-size":"auto","background-attachment":"scroll","background-type":"","background-media":"","overlay-type":"","overlay-color":"","overlay-opacity":"","overlay-gradient":""}},"footnotes":""},"class_list":["post-930","page","type-page","status-publish","hentry"],"_links":{"self":[{"href":"https:\/\/carolinaugusta.pt\/en\/wp-json\/wp\/v2\/pages\/930","targetHints":{"allow":["GET"]}}],"collection":[{"href":"https:\/\/carolinaugusta.pt\/en\/wp-json\/wp\/v2\/pages"}],"about":[{"href":"https:\/\/carolinaugusta.pt\/en\/wp-json\/wp\/v2\/types\/page"}],"author":[{"embeddable":true,"href":"https:\/\/carolinaugusta.pt\/en\/wp-json\/wp\/v2\/users\/1"}],"replies":[{"embeddable":true,"href":"https:\/\/carolinaugusta.pt\/en\/wp-json\/wp\/v2\/comments?post=930"}],"version-history":[{"count":10,"href":"https:\/\/carolinaugusta.pt\/en\/wp-json\/wp\/v2\/pages\/930\/revisions"}],"predecessor-version":[{"id":957,"href":"https:\/\/carolinaugusta.pt\/en\/wp-json\/wp\/v2\/pages\/930\/revisions\/957"}],"wp:attachment":[{"href":"https:\/\/carolinaugusta.pt\/en\/wp-json\/wp\/v2\/media?parent=930"}],"curies":[{"name":"wp","href":"https:\/\/api.w.org\/{rel}","templated":true}]}}